{"id":105,"date":"2024-07-27T00:39:45","date_gmt":"2024-07-27T00:39:45","guid":{"rendered":"https:\/\/ernestomallo.com\/?page_id=105"},"modified":"2024-08-20T13:06:53","modified_gmt":"2024-08-20T11:06:53","slug":"ernesto-mallo-cv","status":"publish","type":"page","link":"https:\/\/ernestomallo.com\/en\/ernesto-mallo-cv\/","title":{"rendered":"CV"},"content":{"rendered":"<div data-elementor-type=\"wp-page\" data-elementor-id=\"105\" class=\"elementor elementor-105\" data-elementor-post-type=\"page\">\n\t\t\t\t<div class=\"elementor-element elementor-element-f8fabcd e-flex e-con-boxed e-con e-parent\" data-id=\"f8fabcd\" data-element_type=\"container\" data-e-type=\"container\">\n\t\t\t\t\t<div class=\"e-con-inner\">\n\t\t\t\t<div class=\"elementor-element elementor-element-e4f3c93 elementor-hidden-mobile elementor-widget elementor-widget-heading\" data-id=\"e4f3c93\" data-element_type=\"widget\" data-e-type=\"widget\" data-widget_type=\"heading.default\">\n\t\t\t\t<div class=\"elementor-widget-container\">\n\t\t\t\t\t<h2 class=\"elementor-heading-title elementor-size-default\">CV MALLO<\/h2>\t\t\t\t<\/div>\n\t\t\t\t<\/div>\n\t\t\t\t<div class=\"elementor-element elementor-element-cbcf325 elementor-widget elementor-widget-heading\" data-id=\"cbcf325\" data-element_type=\"widget\" data-e-type=\"widget\" data-widget_type=\"heading.default\">\n\t\t\t\t<div class=\"elementor-widget-container\">\n\t\t\t\t\t<h1 class=\"elementor-heading-title elementor-size-default\">CV MALLO<\/h1>\t\t\t\t<\/div>\n\t\t\t\t<\/div>\n\t\t\t\t\t<\/div>\n\t\t\t\t<\/div>\n\t\t<div class=\"elementor-element elementor-element-9859f45 e-flex e-con-boxed e-con e-parent\" data-id=\"9859f45\" data-element_type=\"container\" data-e-type=\"container\">\n\t\t\t\t\t<div class=\"e-con-inner\">\n\t\t<div class=\"elementor-element elementor-element-3396c05 e-con-full e-flex e-con e-child\" data-id=\"3396c05\" data-element_type=\"container\" data-e-type=\"container\">\n\t\t\t\t<div class=\"elementor-element elementor-element-17b095a elementor-widget elementor-widget-image\" data-id=\"17b095a\" data-element_type=\"widget\" data-e-type=\"widget\" data-widget_type=\"image.default\">\n\t\t\t\t<div class=\"elementor-widget-container\">\n\t\t\t\t\t\t\t\t\t\t\t\t\t\t\t<img fetchpriority=\"high\" decoding=\"async\" width=\"2560\" height=\"1707\" src=\"https:\/\/ernestomallo.com\/wp-content\/uploads\/2024\/07\/IMG_5016r-scaled.jpg\" class=\"attachment-full size-full wp-image-70\" alt=\"FOTO LEANDRO TEYSSEIRE ernesto mallo\" srcset=\"https:\/\/ernestomallo.com\/wp-content\/uploads\/2024\/07\/IMG_5016r-scaled.jpg 2560w, https:\/\/ernestomallo.com\/wp-content\/uploads\/2024\/07\/IMG_5016r-300x200.jpg 300w, https:\/\/ernestomallo.com\/wp-content\/uploads\/2024\/07\/IMG_5016r-1024x683.jpg 1024w, https:\/\/ernestomallo.com\/wp-content\/uploads\/2024\/07\/IMG_5016r-768x512.jpg 768w, https:\/\/ernestomallo.com\/wp-content\/uploads\/2024\/07\/IMG_5016r-1536x1024.jpg 1536w, https:\/\/ernestomallo.com\/wp-content\/uploads\/2024\/07\/IMG_5016r-2048x1365.jpg 2048w\" sizes=\"(max-width: 2560px) 100vw, 2560px\" \/>\t\t\t\t\t\t\t\t\t\t\t\t\t\t\t<\/div>\n\t\t\t\t<\/div>\n\t\t\t\t<div class=\"elementor-element elementor-element-671f417 elementor-widget elementor-widget-heading\" data-id=\"671f417\" data-element_type=\"widget\" data-e-type=\"widget\" data-widget_type=\"heading.default\">\n\t\t\t\t<div class=\"elementor-widget-container\">\n\t\t\t\t\t<h2 class=\"elementor-heading-title elementor-size-default\">Ernesto Mallo<\/h2>\t\t\t\t<\/div>\n\t\t\t\t<\/div>\n\t\t\t\t<\/div>\n\t\t<div class=\"elementor-element elementor-element-d76ff4f e-con-full e-flex e-con e-child\" data-id=\"d76ff4f\" data-element_type=\"container\" data-e-type=\"container\">\n\t\t\t\t<div class=\"elementor-element elementor-element-0406545 elementor-widget__width-auto elementor-widget elementor-widget-heading\" data-id=\"0406545\" data-element_type=\"widget\" data-e-type=\"widget\" data-widget_type=\"heading.default\">\n\t\t\t\t<div class=\"elementor-widget-container\">\n\t\t\t\t\t<h2 class=\"elementor-heading-title elementor-size-default\">Event Organization<\/h2>\t\t\t\t<\/div>\n\t\t\t\t<\/div>\n\t\t\t\t<div class=\"elementor-element elementor-element-7841bd0 elementor-widget elementor-widget-text-editor\" data-id=\"7841bd0\" data-element_type=\"widget\" data-e-type=\"widget\" data-widget_type=\"text-editor.default\">\n\t\t\t\t<div class=\"elementor-widget-container\">\n\t\t\t\t\t\t\t\t\t<p>Launch of Fila Argentina, 1989.<br \/>Founder and Director of BAN! \u2013 Buenos Aires Negra<br \/>\u00a0 \u00a0 \u00a0 \u00a0 \u00a0 \u00a0 \u00a0 \u00a0 \u00a0 \u00a0 \u00a0 \u2013 International Festival of Crime Fiction since 2011.<br \/>Founder and Director of Zeitgeist Barcelona and Barcelona Futur \u2013<br \/>\u00a0 \u00a0 \u00a0 \u00a0 \u00a0 \u00a0 \u00a0 \u00a0 \u00a0 \u00a0 \u00a0 \u00a0Festival of Thought \u2013 since 2017.<\/p>\t\t\t\t\t\t\t\t<\/div>\n\t\t\t\t<\/div>\n\t\t\t\t<div class=\"elementor-element elementor-element-5f3aa33 elementor-widget__width-auto elementor-widget elementor-widget-heading\" data-id=\"5f3aa33\" data-element_type=\"widget\" data-e-type=\"widget\" data-widget_type=\"heading.default\">\n\t\t\t\t<div class=\"elementor-widget-container\">\n\t\t\t\t\t<h2 class=\"elementor-heading-title elementor-size-default\">Publications<\/h2>\t\t\t\t<\/div>\n\t\t\t\t<\/div>\n\t\t\t\t<div class=\"elementor-element elementor-element-f24b7c0 elementor-widget elementor-widget-text-editor\" data-id=\"f24b7c0\" data-element_type=\"widget\" data-e-type=\"widget\" data-widget_type=\"text-editor.default\">\n\t\t\t\t<div class=\"elementor-widget-container\">\n\t\t\t\t\t\t\t\t\t<p>Bautizo y Otras Desgracias \u2013 short stories, EUDEBA, Buenos Aires, 1974<br \/>La Aguja en el Pajar \u2013 novel, Editorial Planeta, Buenos Aires, 2006<br \/>Crimen en el Barrio del Once \u2013 novel, Ediciones Siruela, Madrid<br \/>Delincuente Argentino \u2013 novel, Editorial Planeta, Buenos Aires, 2007 <br \/>El Polic\u00eda Descalzo de la Plaza San Mart\u00edn \u2013 Ediciones Siruela, Madrid<br \/>El Relicario \u2013 novel, Editorial Planeta, Buenos Aires, 2010<br \/>Ferrum 100 a\u00f1os \u2013 Editorial Franz Vieneger, Buenos Aires, 2011<br \/>Los Hombres te han Hecho Mal \u2013 Planeta, Buenos Aires, 2012. Also, Ediciones Siruela, Madrid<br \/>Me Ver\u00e1s Caer \u2013 Del Nuevo Extremo, Buenos Aires, 2013<br \/>La Conspiraci\u00f3n de los Mediocres \u2013 Penguin, Random House, Mondadori; Buenos Aires, 2015. Also, Ediciones Siruela, Madrid, 2015<br \/>El Hilo de Sangre \u2013 Ediciones Siruela, Madrid, 2017<br \/>La Ciudad de la Furia \u2013 Ediciones Siruela, Madrid, 2021. Also, Dain Usina Cultural, Buenos Aires, 2021<br \/>Perro Viejo \u2013 Ediciones Siruela, Madrid, 2024<\/p>\t\t\t\t\t\t\t\t<\/div>\n\t\t\t\t<\/div>\n\t\t\t\t<\/div>\n\t\t\t\t\t<\/div>\n\t\t\t\t<\/div>\n\t\t<div class=\"elementor-element elementor-element-ddd90ed e-flex e-con-boxed e-con e-parent\" data-id=\"ddd90ed\" data-element_type=\"container\" data-e-type=\"container\">\n\t\t\t\t\t<div class=\"e-con-inner\">\n\t\t\t\t<div class=\"elementor-element elementor-element-0b7df42 elementor-widget__width-auto elementor-widget elementor-widget-heading\" data-id=\"0b7df42\" data-element_type=\"widget\" data-e-type=\"widget\" data-widget_type=\"heading.default\">\n\t\t\t\t<div class=\"elementor-widget-container\">\n\t\t\t\t\t<h2 class=\"elementor-heading-title elementor-size-default\">Translations of His Works<\/h2>\t\t\t\t<\/div>\n\t\t\t\t<\/div>\n\t\t\t\t<div class=\"elementor-element elementor-element-03eba46 elementor-widget elementor-widget-text-editor\" data-id=\"03eba46\" data-element_type=\"widget\" data-e-type=\"widget\" data-widget_type=\"text-editor.default\">\n\t\t\t\t<div class=\"elementor-widget-container\">\n\t\t\t\t\t\t\t\t\t<p>Der Tote von der Plaza Once \u2013 novel, Aufbau Verlag, Berlin, 2010<br \/>Der Barfu\u00dfige Polizist von der Calle San Mart\u00edn \u2013 novel, Aufbau Verlag, Berlin, 2010<br \/>L\u2019Aiguille dans la Botte de Foin \u2013 novel, Payot &amp; Rivages, Paris, 2009<br \/>Voyou Argentin \u2013 novel, Payot &amp; Rivages, Paris, 2011<br \/>Needle in a Haystack \u2013 novel, Bitter Lemon Press, London, 2010<br \/>Sweet Money \u2013 novel, Bitter Lemon Press, London, 2011<br \/>L\u2019Ago nel Pagliaio \u2013 novel, Semilla Editore, Milan, 2011<br \/>The Orwell Brigade \u2013 anthology, Heaven Lake Press, Bangkok, 2012<br \/>Jehly v kupce sena \u2013 Host Publishing House, Brno, 2013<br \/>Igla u plastu sijena \u2013 Znanje doo, Zagreb, 2013<br \/>Argentinski prijestupnicima \u2013 Znanje doo, Zagreb, 2013<br \/>A Agulha no Palheiro \u2013 novel, Letramento, Belo Horizonte, Brazil, 2017<br \/>Delinquente Argentino\u00a0<span style=\"font-size: 17.6px; color: var( --e-global-color-text ); text-align: var(--text-align);\">\u00a0<\/span><span style=\"font-size: 17.6px; color: var( --e-global-color-text ); text-align: var(--text-align);\">&#8211; Romance,<\/span><span style=\"color: var( --e-global-color-text ); font-size: 1.1em; text-align: var(--text-align);\">\u00a0Letramento, Belo Horizonte, Brasil, 2018.<\/span><\/p>\t\t\t\t\t\t\t\t<\/div>\n\t\t\t\t<\/div>\n\t\t\t\t\t<\/div>\n\t\t\t\t<\/div>\n\t\t<div class=\"elementor-element elementor-element-80f0a0f e-flex e-con-boxed e-con e-parent\" data-id=\"80f0a0f\" data-element_type=\"container\" data-e-type=\"container\">\n\t\t\t\t\t<div class=\"e-con-inner\">\n\t\t\t\t<div class=\"elementor-element elementor-element-659c539 elementor-widget__width-auto elementor-widget elementor-widget-heading\" data-id=\"659c539\" data-element_type=\"widget\" data-e-type=\"widget\" data-widget_type=\"heading.default\">\n\t\t\t\t<div class=\"elementor-widget-container\">\n\t\t\t\t\t<h2 class=\"elementor-heading-title elementor-size-default\">Anthologies<\/h2>\t\t\t\t<\/div>\n\t\t\t\t<\/div>\n\t\t\t\t<div class=\"elementor-element elementor-element-a1d7228 elementor-widget elementor-widget-text-editor\" data-id=\"a1d7228\" data-element_type=\"widget\" data-e-type=\"widget\" data-widget_type=\"text-editor.default\">\n\t\t\t\t<div class=\"elementor-widget-container\">\n\t\t\t\t\t\t\t\t\t<p>Barcelona Negra &#8211; Ediciones Siruela, Madrid, 2016.<br>Madrid Negro &#8211; Ediciones Siruela, Madrid, 2016.<br>Buenos Aires Noir &#8211; Akashic Books, New York, 2017.<br>Tiempos Negros &#8211; Ediciones Siruela, Madrid,2017.<br>M\u00fasicas Negras &#8211; Ediciones Siruela, Madrid, 2019.<\/p>\t\t\t\t\t\t\t\t<\/div>\n\t\t\t\t<\/div>\n\t\t\t\t\t<\/div>\n\t\t\t\t<\/div>\n\t\t<div class=\"elementor-element elementor-element-f9e643f e-flex e-con-boxed e-con e-parent\" data-id=\"f9e643f\" data-element_type=\"container\" data-e-type=\"container\">\n\t\t\t\t\t<div class=\"e-con-inner\">\n\t\t\t\t<div class=\"elementor-element elementor-element-cca23f1 elementor-widget__width-auto elementor-widget elementor-widget-heading\" data-id=\"cca23f1\" data-element_type=\"widget\" data-e-type=\"widget\" data-widget_type=\"heading.default\">\n\t\t\t\t<div class=\"elementor-widget-container\">\n\t\t\t\t\t<h2 class=\"elementor-heading-title elementor-size-default\">Translations<\/h2>\t\t\t\t<\/div>\n\t\t\t\t<\/div>\n\t\t\t\t<div class=\"elementor-element elementor-element-671b16a elementor-widget elementor-widget-text-editor\" data-id=\"671b16a\" data-element_type=\"widget\" data-e-type=\"widget\" data-widget_type=\"text-editor.default\">\n\t\t\t\t<div class=\"elementor-widget-container\">\n\t\t\t\t\t\t\t\t\t<p>Iron John, Robert Bly, Editorial Planeta<br \/>Vendredi ou les limbs du pacifique, Alianza Editorial<br \/>A Little book about the shadow, Robert Bly, Editorial Planeta<br \/>Fire in the Belly, Sam Keen, Editorial Planeta<br \/>20 Seconds, Robert Schuman, Editorial Emece.<br \/>The Fortunate Pilgrim, Mario Puzzo, Ediciones Navona<\/p>\t\t\t\t\t\t\t\t<\/div>\n\t\t\t\t<\/div>\n\t\t\t\t\t<\/div>\n\t\t\t\t<\/div>\n\t\t<div class=\"elementor-element elementor-element-933294d e-flex e-con-boxed e-con e-parent\" data-id=\"933294d\" data-element_type=\"container\" data-e-type=\"container\" id=\"docencia\">\n\t\t\t\t\t<div class=\"e-con-inner\">\n\t\t\t\t<div class=\"elementor-element elementor-element-2419c7d elementor-widget__width-auto elementor-widget elementor-widget-heading\" data-id=\"2419c7d\" data-element_type=\"widget\" data-e-type=\"widget\" data-widget_type=\"heading.default\">\n\t\t\t\t<div class=\"elementor-widget-container\">\n\t\t\t\t\t<h2 class=\"elementor-heading-title elementor-size-default\">Teaching<\/h2>\t\t\t\t<\/div>\n\t\t\t\t<\/div>\n\t\t\t\t<div class=\"elementor-element elementor-element-68b029b elementor-widget elementor-widget-text-editor\" data-id=\"68b029b\" data-element_type=\"widget\" data-e-type=\"widget\" data-widget_type=\"text-editor.default\">\n\t\t\t\t<div class=\"elementor-widget-container\">\n\t\t\t\t\t\t\t\t\t<p>Storytelling, the power of narrative. Universidad Abierta de Barcelona, 2023\/2024<br \/>Coordinator of literary workshops in Buenos Aires, 2000\u20132015<br \/>Coordinator of Reading Clubs, Barcelona Libraries, 2015\u2013present<br \/>Beijing University, Literary Structure, China, 2019<br \/>Literary Structure, the backbone of a novel. Dain Usina Cultural \u2013 Buenos Aires, 2013<br \/>How to Write a Novel (2019)<br \/>\u00c9cole de la 2e Chance, Universit\u00e9 Jean-Jaur\u00e8s<br \/>Institut National Universitaire Champollion d\u2019Albi<br \/>Lyc\u00e9e Les Ar\u00e8nes, Bellevue, LP Mirail, Rive Gauche<br \/>Universit\u00e9 de Arles<br \/>San Luis Potos\u00ed University, Mexico<br \/>The Best Profession in the World, French Lyceum Jean Mermoz, Buenos Aires, Argentina, 2015<br \/>400 Years with Shakespeare. Technical Teacher Institute \u2013 Buenos Aires, 2000<br \/>Narrative as a Journey \u2013 Librer\u00eda Cl\u00e1sica &amp; Moderna \u2013 Buenos Aires<br \/>New World \u2013 Latin America as a Literary Power. Dain Usina Cultural \u2013 Buenos Aires, 2014<\/p>\t\t\t\t\t\t\t\t<\/div>\n\t\t\t\t<\/div>\n\t\t\t\t\t<\/div>\n\t\t\t\t<\/div>\n\t\t<div class=\"elementor-element elementor-element-12cacc3 e-flex e-con-boxed e-con e-parent\" data-id=\"12cacc3\" data-element_type=\"container\" data-e-type=\"container\">\n\t\t\t\t\t<div class=\"e-con-inner\">\n\t\t\t\t<div class=\"elementor-element elementor-element-617d6e0 elementor-widget__width-auto elementor-widget elementor-widget-heading\" data-id=\"617d6e0\" data-element_type=\"widget\" data-e-type=\"widget\" data-widget_type=\"heading.default\">\n\t\t\t\t<div class=\"elementor-widget-container\">\n\t\t\t\t\t<h2 class=\"elementor-heading-title elementor-size-default\">Conferences<\/h2>\t\t\t\t<\/div>\n\t\t\t\t<\/div>\n\t\t\t\t<div class=\"elementor-element elementor-element-69247d1 elementor-widget elementor-widget-text-editor\" data-id=\"69247d1\" data-element_type=\"widget\" data-e-type=\"widget\" data-widget_type=\"text-editor.default\">\n\t\t\t\t<div class=\"elementor-widget-container\">\n\t\t\t\t\t\t\t\t\t<p>Art and Mobility \u2013 Casa Seat Barcelona<br \/>Jazz &amp; Crime \u2013 Conference series in Barcelona Libraries<br \/>Refugees \u2013 Conference with Cristina Manresa. University of Barcelona \u2013 Faculty of<br \/>Law<br \/>Crimen real y crimen de Ficci\u00f3n (en conjunto con la Comisaria Cristina Manresa)<br \/>Universidad Aut\u00f3noma de Barcelona, Institut de Ci\u00e8ncies Pol\u00edtiques i Socials, 2021<br \/>Universidad de Barcelona \u2013 Facultad de Derecho, 2021.<br \/>Ateneu Barcelon\u00e9s, Barcelona, Spain, 2018<br \/>University of Aguascalientes, Mexico, 2016<br \/>Borges Criminal. Librer\u00eda Cl\u00e1sica &amp; Moderna \u2013 Buenos Aires, 2011<br \/>Criminal Traditions of the R\u00edo de la Plata. Librer\u00eda Cl\u00e1sica &amp; Moderna \u2013 Buenos Aires, 2012<\/p>\t\t\t\t\t\t\t\t<\/div>\n\t\t\t\t<\/div>\n\t\t\t\t\t<\/div>\n\t\t\t\t<\/div>\n\t\t<div class=\"elementor-element elementor-element-ae0d2d3 e-flex e-con-boxed e-con e-parent\" data-id=\"ae0d2d3\" data-element_type=\"container\" data-e-type=\"container\">\n\t\t\t\t\t<div class=\"e-con-inner\">\n\t\t\t\t<div class=\"elementor-element elementor-element-4850297 elementor-widget__width-auto elementor-widget elementor-widget-heading\" data-id=\"4850297\" data-element_type=\"widget\" data-e-type=\"widget\" data-widget_type=\"heading.default\">\n\t\t\t\t<div class=\"elementor-widget-container\">\n\t\t\t\t\t<h2 class=\"elementor-heading-title elementor-size-default\">Cinematography<\/h2>\t\t\t\t<\/div>\n\t\t\t\t<\/div>\n\t\t\t\t<div class=\"elementor-element elementor-element-e1c39a0 elementor-widget elementor-widget-text-editor\" data-id=\"e1c39a0\" data-element_type=\"widget\" data-e-type=\"widget\" data-widget_type=\"text-editor.default\">\n\t\t\t\t<div class=\"elementor-widget-container\">\n\t\t\t\t\t\t\t\t\t<p>Screenplay: La Aguja en el Pajar, Delicias Producciones Audiovisuales, Spain \u2013 2006<br \/>Screenplay: Maidana Con Todo, in collaboration with Juan Carlos Desanzo \u2013 2007<br \/>Screenplay: Delincuente Argentino, Alberto Trigo Productions<br \/>Screenplay: Los Hombres te han hecho mal, Cinemagroup, 2012<\/p>\t\t\t\t\t\t\t\t<\/div>\n\t\t\t\t<\/div>\n\t\t\t\t\t<\/div>\n\t\t\t\t<\/div>\n\t\t<div class=\"elementor-element elementor-element-2e9bdc2 e-flex e-con-boxed e-con e-parent\" data-id=\"2e9bdc2\" data-element_type=\"container\" data-e-type=\"container\">\n\t\t\t\t\t<div class=\"e-con-inner\">\n\t\t\t\t<div class=\"elementor-element elementor-element-5c88c3c elementor-widget__width-auto elementor-widget elementor-widget-heading\" data-id=\"5c88c3c\" data-element_type=\"widget\" data-e-type=\"widget\" data-widget_type=\"heading.default\">\n\t\t\t\t<div class=\"elementor-widget-container\">\n\t\t\t\t\t<h2 class=\"elementor-heading-title elementor-size-default\">Theater<\/h2>\t\t\t\t<\/div>\n\t\t\t\t<\/div>\n\t\t\t\t<div class=\"elementor-element elementor-element-04fbb4e elementor-widget elementor-widget-text-editor\" data-id=\"04fbb4e\" data-element_type=\"widget\" data-e-type=\"widget\" data-widget_type=\"text-editor.default\">\n\t\t\t\t<div class=\"elementor-widget-container\">\n\t\t\t\t\t\t\t\t\t<p>La Vacuna, 1973, Teatro de Arte de Mar del Plata. Authorship, production, and direction.<br \/>El Barrio, 1974, Teatro de Arte de Mar del Plata. Authorship, production, and direction.<br \/>Acting Instructor at Alejandra Boero\u2019s School of Dramatic Art, 1975\u20131981.<br \/>\u00a1Qu\u00e9 mambo el de Col\u00f3n!, 1982, Teatro Contempor\u00e1neo de Buenos Aires. Authorship, production, and<br \/>direction.<br \/>4 Cuadros, 1990, Palladium, Authorship and direction.<\/p>\t\t\t\t\t\t\t\t<\/div>\n\t\t\t\t<\/div>\n\t\t\t\t\t<\/div>\n\t\t\t\t<\/div>\n\t\t<div class=\"elementor-element elementor-element-ecb68c0 e-flex e-con-boxed e-con e-parent\" data-id=\"ecb68c0\" data-element_type=\"container\" data-e-type=\"container\">\n\t\t\t\t\t<div class=\"e-con-inner\">\n\t\t\t\t<div class=\"elementor-element elementor-element-c4c0161 elementor-widget__width-auto elementor-widget elementor-widget-heading\" data-id=\"c4c0161\" data-element_type=\"widget\" data-e-type=\"widget\" data-widget_type=\"heading.default\">\n\t\t\t\t<div class=\"elementor-widget-container\">\n\t\t\t\t\t<h2 class=\"elementor-heading-title elementor-size-default\">Awards<\/h2>\t\t\t\t<\/div>\n\t\t\t\t<\/div>\n\t\t\t\t<div class=\"elementor-element elementor-element-7e138aa elementor-widget elementor-widget-text-editor\" data-id=\"7e138aa\" data-element_type=\"widget\" data-e-type=\"widget\" data-widget_type=\"text-editor.default\">\n\t\t\t\t<div class=\"elementor-widget-container\">\n\t\t\t\t\t\t\t\t\t<p>1973 \u2013 Culture for Liberation Award \u2013 University of Buenos Aires \u2013 Jurors: Rodolfo Walsh, Juan Jos\u00e9 Franco<br \/>Walsh, Juan Jos\u00e9 Franco<br \/>2004 \u2013 Clar\u00edn Novel Award \u2013 La Aguja en el Pajar \u2013 1st Mention \u2013 Jurors: Andr\u00e9s Rivera,<br \/>Antonio Sk\u00e1rmeta, \u00c1ngeles Mastreta<br \/>2007 \u2013 Memorial Silverio Ca\u00f1ada Award \u2013 Semana Negra, Gij\u00f3n, Spain. Jurors: Paco Camarasa, Bernardo Fern\u00e1ndez (BEF), and Fernando Mar\u00edas<br \/>2010 \u2013 SNCF Grand Prix de Polar, Paris, France<br \/>2011 \u2013 Daggers Award, Crime Writers Association, London<\/p>\t\t\t\t\t\t\t\t<\/div>\n\t\t\t\t<\/div>\n\t\t\t\t\t<\/div>\n\t\t\t\t<\/div>\n\t\t<div class=\"elementor-element elementor-element-6da3563 e-flex e-con-boxed e-con e-parent\" data-id=\"6da3563\" data-element_type=\"container\" data-e-type=\"container\">\n\t\t\t\t\t<div class=\"e-con-inner\">\n\t\t\t\t<div class=\"elementor-element elementor-element-3c66f0b elementor-widget__width-auto elementor-widget elementor-widget-heading\" data-id=\"3c66f0b\" data-element_type=\"widget\" data-e-type=\"widget\" data-widget_type=\"heading.default\">\n\t\t\t\t<div class=\"elementor-widget-container\">\n\t\t\t\t\t<h2 class=\"elementor-heading-title elementor-size-default\">Collaborations<\/h2>\t\t\t\t<\/div>\n\t\t\t\t<\/div>\n\t\t\t\t<div class=\"elementor-element elementor-element-a6c6f9e elementor-widget elementor-widget-text-editor\" data-id=\"a6c6f9e\" data-element_type=\"widget\" data-e-type=\"widget\" data-widget_type=\"text-editor.default\">\n\t\t\t\t<div class=\"elementor-widget-container\">\n\t\t\t\t\t\t\t\t\t<ul><li>Argentina<ul><li>Clar\u00edn<\/li><li>Radar<\/li><li>P\u00e1gina 12<\/li><li>Perfil<\/li><li>Revista \u00d1<\/li><\/ul><\/li><li>Spain<ul><li>El Pa\u00eds<\/li><li>Babel<\/li><li>La Vanguardia<\/li><\/ul><\/li><\/ul>\t\t\t\t\t\t\t\t<\/div>\n\t\t\t\t<\/div>\n\t\t\t\t\t<\/div>\n\t\t\t\t<\/div>\n\t\t<div class=\"elementor-element elementor-element-32cc5d4 e-flex e-con-boxed e-con e-parent\" data-id=\"32cc5d4\" data-element_type=\"container\" data-e-type=\"container\">\n\t\t\t\t\t<div class=\"e-con-inner\">\n\t\t\t\t<div class=\"elementor-element elementor-element-5711431 elementor-align-center elementor-widget__width-auto elementor-widget elementor-widget-button\" data-id=\"5711431\" data-element_type=\"widget\" data-e-type=\"widget\" data-widget_type=\"button.default\">\n\t\t\t\t<div class=\"elementor-widget-container\">\n\t\t\t\t\t\t\t\t\t<div class=\"elementor-button-wrapper\">\n\t\t\t\t\t<a class=\"elementor-button elementor-button-link elementor-size-sm\" href=\"https:\/\/ernestomallo.com\/en\/obras\/\">\n\t\t\t\t\t\t<span class=\"elementor-button-content-wrapper\">\n\t\t\t\t\t\t\t\t\t<span class=\"elementor-button-text\">VIEW WORKS<\/span>\n\t\t\t\t\t<\/span>\n\t\t\t\t\t<\/a>\n\t\t\t\t<\/div>\n\t\t\t\t\t\t\t\t<\/div>\n\t\t\t\t<\/div>\n\t\t\t\t\t<\/div>\n\t\t\t\t<\/div>\n\t\t\t\t<\/div>","protected":false},"excerpt":{"rendered":"<p>CV MALLO CV MALLO Ernesto Mallo Organizaci\u00f3n de eventos Lanzamiento empresa Fila Argentina, 1989.Fundador y director de BAN! &#8211; Buenos Aires Negra &#8211; Festival\u00a0 \u00a0 \u00a0 \u00a0 \u00a0 \u00a0 \u00a0 \u00a0 \u00a0 \u00a0 \u00a0 Internacional de Novela Policial desde 2011.Fundador y Director de Zeitgeist Barcelona y Barcelona Futur \u2013\u00a0 \u00a0 \u00a0 \u00a0 \u00a0 \u00a0 \u00a0 [&hellip;]<\/p>\n","protected":false},"author":4,"featured_media":0,"parent":0,"menu_order":0,"comment_status":"closed","ping_status":"closed","template":"","meta":{"footnotes":""},"class_list":["post-105","page","type-page","status-publish","hentry"],"_links":{"self":[{"href":"https:\/\/ernestomallo.com\/en\/wp-json\/wp\/v2\/pages\/105","targetHints":{"allow":["GET"]}}],"collection":[{"href":"https:\/\/ernestomallo.com\/en\/wp-json\/wp\/v2\/pages"}],"about":[{"href":"https:\/\/ernestomallo.com\/en\/wp-json\/wp\/v2\/types\/page"}],"author":[{"embeddable":true,"href":"https:\/\/ernestomallo.com\/en\/wp-json\/wp\/v2\/users\/4"}],"replies":[{"embeddable":true,"href":"https:\/\/ernestomallo.com\/en\/wp-json\/wp\/v2\/comments?post=105"}],"version-history":[{"count":43,"href":"https:\/\/ernestomallo.com\/en\/wp-json\/wp\/v2\/pages\/105\/revisions"}],"predecessor-version":[{"id":480,"href":"https:\/\/ernestomallo.com\/en\/wp-json\/wp\/v2\/pages\/105\/revisions\/480"}],"wp:attachment":[{"href":"https:\/\/ernestomallo.com\/en\/wp-json\/wp\/v2\/media?parent=105"}],"curies":[{"name":"wp","href":"https:\/\/api.w.org\/{rel}","templated":true}]}}